{"id":8495,"date":"2023-10-18T16:30:40","date_gmt":"2023-10-18T09:30:40","guid":{"rendered":"https:\/\/panpuri.com\/panpuri-first-faqs\/"},"modified":"2024-04-02T12:41:49","modified_gmt":"2024-04-02T05:41:49","slug":"panpuri-first-faqs","status":"publish","type":"page","link":"https:\/\/panpuri.com\/zh-hans\/panpuri-first\/panpuri-first-faqs\/","title":{"rendered":"PA\u00d1PURI\u4f1a\u5458\u79ef\u5206\u95ee\u9898"},"content":{"rendered":"\n<p>PA\u00d1PURI FIRST FAQs<\/p>\n\n\n\n<p>Q: What are the levels of membership available?<\/p>\n\n\n\n<p>PA\u00d1PURI First membership program has three tiers of membership starting from white and progressing through grey and black. Your status is determined by your level of spending at participating PA\u00d1PURI counters or PA\u00d1PURI organic spa in Thailand.<br><strong>WHITE<\/strong><br>With THB 5,000 net purchase (after discount) in a single receipt at participating PA\u00d1PURI counters or PA\u00d1PURI organic spa in Thailand.<br><strong>GREY<\/strong><br>With THB 15,000 net purchase (after discount) in a single receipt or accumulated receipts of THB 15,000 over 6 months (consecutive) at participating PA\u00d1PURI counters or PA\u00d1PURI organic spa in Thailand.<br><strong>BLACK&nbsp;<\/strong><br>With THB 30,000 net purchase (after discount) in a single receipt or accumulated receipts of THB 30,000 over 6 months (consecutive) at participating PA\u00d1PURI counters or PA\u00d1PURI organic spa in Thailand.<\/p>\n\n\n\n<p>Q: How do I renew my membership?<\/p>\n\n\n\n<p>Members must re-qualify to sustain their membership status each membership year.<br><strong>WHITE<\/strong><br>Must spend THB 5,000 over a one-year period to renew your white membership status for another year.<br><strong>GREY<\/strong><br>Must spend THB 15,000 over a one-year period to renew your grey membership status for another year.<br><strong>BLACK<\/strong><br>MUST spend THB 30,000 over a one-year period to renew your grey membership status for another two years.<\/p>\n\n\n\n<p>Q: How can I become a grey member?<\/p>\n\n\n\n<p>You can be upgraded to grey tier when you spend THB 15,000 or accumulate THB 15,000 over a 6-month period.<\/p>\n\n\n\n<p>Q: How can I become an black member?<\/p>\n\n\n\n<p>You can be upgraded to black tier when you spend THB 30,000 or accumulate THB 30,000 over a 6-month period.<\/p>\n\n\n\n<p>Q: Will my PA\u00d1PURI First membership card and my points expire?<\/p>\n\n\n\n<p>Membership status and points will expire if there\u2019s no account activity.<br><strong>WHITE<\/strong><br>Membership status will expire 1 year from joining date. Rewards points will be valid as long as the membership tier status remains active.<br><strong>GREY<\/strong><br>Membership status will expire 1 year from joining date. Rewards points will be valid as long as the membership tier status remains active.<br><strong>BLACK<\/strong><br>Membership status will expire 2 years from joining date. Rewards points will be valid as long as the membership tier status remains active.<\/p>\n\n\n\n<p>Q: Where is the PA\u00d1PURI First membership number located on the virtual card?<\/p>\n\n\n\n<p>The PA\u00d1PURI First membership number contains 9 digits and is located under the barcode.<\/p>\n\n\n\n<p>Q: How do I earn my PA\u00d1PURI First membership points?<\/p>\n\n\n\n<p>You must inform the staff\/ beauty advisor that you are a PA\u00d1PURI First member to earn points with every purchase made at participating PA\u00d1PURI counters or PA\u00d1PURI organic spa in Thailand.<br><strong>PA\u00d1PURI PRODUCT<\/strong><br>Earn 1 PA\u00d1PURI First rewards point with every THB 25 spent.<br><strong>PA\u00d1PURI ORGANIC SPA<\/strong><br>Earn 1 PA\u00d1PURI First rewards point with every THB 50 spent.<\/p>\n\n\n\n<p>Q: Where can i check my PA\u00d1PURI First membership point balance?<\/p>\n\n\n\n<p>There are three ways to check your points:<\/p>\n\n\n\n<ul class=\"wp-block-list\">\n<li>Inquire from the following PA\u00d1PURI counters: gaysorn shopping centre, centralworld, central chidlom, centralplaza ladprao, siam paragon, centralfestival pattaya beach, the emporium, jungceylon, maya lifestyle shopping center, siam discovery, zen department store, and samui airport &amp; PA\u00d1PURI organic spa at gaysorn shopping centre<\/li>\n\n\n\n<li>E-mail:&nbsp;customerservices@panpuri.com<\/li>\n\n\n\n<li>Call +66 (0) 2 253 5959 (monday to friday, 9.00 a.m.- 6.00 p.m.)<\/li>\n<\/ul>\n\n\n\n<p>Q: Where can I redeem the PA\u00d1PURI First points? What documents do I need to present?<\/p>\n\n\n\n<p>If you wish to redeem your points, please visit all PA\u00d1PURI shops\/ counters in Thailand and present your original identification card or passport (for foreigners).<\/p>\n\n\n\n<p>Q: Can I redeem the same reward more than once?<\/p>\n\n\n\n<p>Yes, you may redeem a reward as many times as you wish as long as you have sufficient points and the particular reward is available.<\/p>\n\n\n\n<p>Q: Can I transfer my PA\u00d1PURI First points to other cardholders?<\/p>\n\n\n\n<p>PA\u00d1PURI First points are not transferable from one member to another.<\/p>\n\n\n\n<p>Q: Can I use the PA\u00d1PURI First membership card with other promotional offer\/ gift voucher?<\/p>\n\n\n\n<p>The PA\u00d1PURI First membership card cannot be used in conjunction with other promotional offers or gift vouchers.<\/p>\n\n\n\n<p>Q: Can I earn PA\u00d1PURI First membership points if I forget to bring my PA\u00d1PURI First membership card?<\/p>\n\n\n\n<p>Yes, you can earn your PA\u00d1PURI First membership points even without your membership card by informing any of our staff\/ beauty advisor with your name-surname or telephone number.<\/p>\n\n\n\n<p>Q: What benefits will I receive when I redeem my PA\u00d1PURI First membership rewards points?<\/p>\n\n\n\n<p>When you redeem your PA\u00d1PURI First membership rewards points, you are qualified to receive exclusive PA\u00d1PURI products and services as well as vouchers from PA\u00d1PURI partners.<\/p>\n\n\n\n<p>Q: Where can I change my personal information?<\/p>\n\n\n\n<p>If you need to change your personal details, please get in touch with us through these channels:<\/p>\n\n\n\n<ul class=\"wp-block-list\">\n<li>PA\u00d1PURI counters: gaysorn shopping centre, centralworld, central chidlom, centralplaza ladprao, siam paragon, centralfestival pattaya beach, the emporium, jungceylon, maya lifestyle shopping center, siam discovery, zen department store, and samui airport &amp; PA\u00d1PURI organic spa at gaysorn shopping centre<\/li>\n\n\n\n<li>E-mail:&nbsp;customerservices@panpuri.com<\/li>\n\n\n\n<li>Call: +66 (0) 2 253 5959 (monday to friday, 9.00 a.m.- 6.00 p.m.)<\/li>\n<\/ul>\n\n\n\n<p>Q: How can I contact the PA\u00d1PURI First membership office?<\/p>\n\n\n\n<p>To contact us please email&nbsp;customerservices@panpuri.com or call +66 (0) 2 253 5959 (Monday to Friday, 9.00 a.m. -6.00 p.m.)<\/p>\n","protected":false},"excerpt":{"rendered":"<p>PA\u00d1PURI FIRST FAQs Q: What are the levels of membership [&hellip;]<\/p>\n","protected":false},"author":1,"featured_media":0,"parent":8496,"menu_order":193,"comment_status":"closed","ping_status":"closed","template":"template-first.php","meta":{"footnotes":""},"class_list":["post-8495","page","type-page","status-publish","hentry"],"aioseo_notices":[],"_links":{"self":[{"href":"https:\/\/panpuri.com\/zh-hans\/wp-json\/wp\/v2\/pages\/8495","targetHints":{"allow":["GET"]}}],"collection":[{"href":"https:\/\/panpuri.com\/zh-hans\/wp-json\/wp\/v2\/pages"}],"about":[{"href":"https:\/\/panpuri.com\/zh-hans\/wp-json\/wp\/v2\/types\/page"}],"author":[{"embeddable":true,"href":"https:\/\/panpuri.com\/zh-hans\/wp-json\/wp\/v2\/users\/1"}],"replies":[{"embeddable":true,"href":"https:\/\/panpuri.com\/zh-hans\/wp-json\/wp\/v2\/comments?post=8495"}],"version-history":[{"count":1,"href":"https:\/\/panpuri.com\/zh-hans\/wp-json\/wp\/v2\/pages\/8495\/revisions"}],"predecessor-version":[{"id":11541,"href":"https:\/\/panpuri.com\/zh-hans\/wp-json\/wp\/v2\/pages\/8495\/revisions\/11541"}],"up":[{"embeddable":true,"href":"https:\/\/panpuri.com\/zh-hans\/wp-json\/wp\/v2\/pages\/8496"}],"wp:attachment":[{"href":"https:\/\/panpuri.com\/zh-hans\/wp-json\/wp\/v2\/media?parent=8495"}],"curies":[{"name":"wp","href":"https:\/\/api.w.org\/{rel}","templated":true}]}}